{"id":6338,"date":"2022-03-03T22:28:34","date_gmt":"2022-03-03T22:28:34","guid":{"rendered":"https:\/\/www.jmtorpar.com\/esp\/?page_id=6338"},"modified":"2025-06-05T16:43:44","modified_gmt":"2025-06-05T16:43:44","slug":"general","status":"publish","type":"page","link":"https:\/\/www.jmtorpar.com\/esp\/general\/","title":{"rendered":"general"},"content":{"rendered":"<p>[et_pb_section fb_built=\u00bb1&#8243; admin_label=\u00bbEncabezado\u00bb module_id=\u00bbEncabezado\u00bb _builder_version=\u00bb4.16&#8243; _module_preset=\u00bbdefault\u00bb background_enable_image=\u00bboff\u00bb module_alignment=\u00bbcenter\u00bb custom_padding=\u00bb0px||0px|||\u00bb top_divider_color=\u00bbrgba(0,0,0,0.08)\u00bb top_divider_height=\u00bb122px\u00bb top_divider_arrangement=\u00bbabove_content\u00bb bottom_divider_color=\u00bbrgba(0,0,0,0.13)\u00bb bottom_divider_height=\u00bb500px\u00bb bottom_divider_arrangement=\u00bbabove_content\u00bb saved_tabs=\u00bball\u00bb collapsed=\u00bboff\u00bb global_colors_info=\u00bb{}\u00bb][et_pb_row use_custom_gutter=\u00bbon\u00bb make_equal=\u00bbon\u00bb _builder_version=\u00bb4.21.0&#8243; _module_preset=\u00bbdefault\u00bb width=\u00bb100%\u00bb max_width=\u00bb2560px\u00bb module_alignment=\u00bbcenter\u00bb custom_padding=\u00bb0px||0px|||\u00bb global_colors_info=\u00bb{}\u00bb][et_pb_column type=\u00bb4_4&#8243; _builder_version=\u00bb4.21.0&#8243; _module_preset=\u00bbdefault\u00bb global_colors_info=\u00bb{}\u00bb][et_pb_image src=\u00bbhttps:\/\/www.jmtorpar.com\/esp\/wp-content\/uploads\/2023\/08\/General-Es-Gde.jpg\u00bb title_text=\u00bbGeneral JM\u00bb src_tablet=\u00bbhttps:\/\/www.jmtorpar.com\/esp\/wp-content\/uploads\/2023\/08\/General-Es-Gde.jpg\u00bb src_phone=\u00bbhttps:\/\/www.jmtorpar.com\/esp\/wp-content\/uploads\/2023\/08\/General-Esp-Ch.jpg\u00bb src_last_edited=\u00bbon|phone\u00bb _builder_version=\u00bb4.21.0&#8243; _module_preset=\u00bbdefault\u00bb global_colors_info=\u00bb{}\u00bb][\/et_pb_image][\/et_pb_column][\/et_pb_row][\/et_pb_section][et_pb_section fb_built=\u00bb1&#8243; admin_label=\u00bbCertificaciones\u00bb _builder_version=\u00bb4.23&#8243; _module_preset=\u00bbdefault\u00bb background_enable_image=\u00bboff\u00bb min_height=\u00bb207.2px\u00bb custom_margin=\u00bb-40px||||false|false\u00bb custom_padding=\u00bb||||false|false\u00bb locked=\u00bboff\u00bb global_colors_info=\u00bb{}\u00bb][et_pb_row use_custom_gutter=\u00bbon\u00bb _builder_version=\u00bb4.23&#8243; _module_preset=\u00bbdefault\u00bb width=\u00bb82%\u00bb width_tablet=\u00bb50%\u00bb width_phone=\u00bb82%\u00bb width_last_edited=\u00bbon|phone\u00bb max_width=\u00bb1920px\u00bb module_alignment=\u00bbcenter\u00bb custom_margin=\u00bb40px|auto||auto||\u00bb custom_padding=\u00bb0px||0px|||\u00bb global_colors_info=\u00bb{}\u00bb][et_pb_column type=\u00bb4_4&#8243; _builder_version=\u00bb4.23&#8243; _module_preset=\u00bbdefault\u00bb global_colors_info=\u00bb{}\u00bb][et_pb_text admin_label=\u00bbTitulo proyectos\u00bb _builder_version=\u00bb4.23&#8243; _module_preset=\u00bbdefault\u00bb text_font=\u00bbUbuntu|700|||||||\u00bb text_text_color=\u00bb#002d62&#8243; text_font_size=\u00bb17px\u00bb text_line_height=\u00bb1em\u00bb background_enable_color=\u00bboff\u00bb custom_padding=\u00bb20px|0px|3px|0px|false|false\u00bb global_colors_info=\u00bb{}\u00bb]<\/p>\n<p>CERTIFICACIONES<\/p>\n<p>[\/et_pb_text][\/et_pb_column][\/et_pb_row][et_pb_row use_custom_gutter=\u00bbon\u00bb _builder_version=\u00bb4.23&#8243; _module_preset=\u00bbdefault\u00bb width=\u00bb82%\u00bb max_width=\u00bb1920px\u00bb module_alignment=\u00bbcenter\u00bb custom_margin=\u00bb0px|auto||auto|false|false\u00bb custom_padding=\u00bb0px||0px||false|false\u00bb global_colors_info=\u00bb{}\u00bb][et_pb_column type=\u00bb4_4&#8243; _builder_version=\u00bb4.21.0&#8243; _module_preset=\u00bbdefault\u00bb global_colors_info=\u00bb{}\u00bb][et_pb_image src=\u00bbhttps:\/\/www.jmtorpar.com\/wp-content\/uploads\/2023\/12\/Certificaciones3c.jpg\u00bb title_text=\u00bbCertificaciones3c\u00bb align=\u00bbcenter\u00bb src_tablet=\u00bbhttps:\/\/www.jmtorpar.com\/wp-content\/uploads\/2023\/07\/Certificaciones3.jpg\u00bb src_phone=\u00bbhttps:\/\/www.jmtorpar.com\/wp-content\/uploads\/2023\/08\/Certificaciones4.jpg\u00bb src_last_edited=\u00bbon|phone\u00bb _builder_version=\u00bb4.23&#8243; _module_preset=\u00bbc9d0eba1-27a0-46c7-91dd-eaab6032dcd1&#8243; width=\u00bb100%\u00bb module_alignment=\u00bbleft\u00bb custom_margin=\u00bb||0px||false|false\u00bb custom_padding=\u00bb||||false|false\u00bb global_colors_info=\u00bb{}\u00bb][\/et_pb_image][et_pb_text admin_label=\u00bbTitulo proyectos\u00bb _builder_version=\u00bb4.23&#8243; _module_preset=\u00bbdefault\u00bb text_font=\u00bbUbuntu|700|||||||\u00bb text_text_color=\u00bb#002d62&#8243; text_font_size=\u00bb17px\u00bb text_line_height=\u00bb1em\u00bb background_enable_color=\u00bboff\u00bb custom_padding=\u00bb45px|0px|15px|0px|false|false\u00bb border_width_bottom=\u00bb1px\u00bb border_color_bottom=\u00bb#666666&#8243; locked=\u00bboff\u00bb global_colors_info=\u00bb{}\u00bb]<\/p>\n<p>PRODUCTOS<\/p>\n<p>[\/et_pb_text][\/et_pb_column][\/et_pb_row][\/et_pb_section][et_pb_section fb_built=\u00bb1&#8243; admin_label=\u00bbCertificaciones\u00bb _builder_version=\u00bb4.23&#8243; _module_preset=\u00bbdefault\u00bb background_enable_image=\u00bboff\u00bb min_height=\u00bb207.2px\u00bb custom_margin=\u00bb||||false|false\u00bb custom_padding=\u00bb||||false|false\u00bb hover_enabled=\u00bb0&#8243; locked=\u00bboff\u00bb global_colors_info=\u00bb{}\u00bb module_id=\u00bbTHG5_THG8_VR\u00bb sticky_enabled=\u00bb0&#8243;][et_pb_row column_structure=\u00bb1_3,1_3,1_3&#8243; use_custom_gutter=\u00bbon\u00bb _builder_version=\u00bb4.23&#8243; _module_preset=\u00bbdefault\u00bb width=\u00bb82%\u00bb width_tablet=\u00bb50%\u00bb width_phone=\u00bb82%\u00bb width_last_edited=\u00bbon|phone\u00bb max_width=\u00bb1920px\u00bb module_alignment=\u00bbcenter\u00bb custom_margin=\u00bb40px|auto||auto||\u00bb custom_padding=\u00bb0px||0px|||\u00bb global_colors_info=\u00bb{}\u00bb][et_pb_column type=\u00bb1_3&#8243; _builder_version=\u00bb4.23&#8243; _module_preset=\u00bbdefault\u00bb global_colors_info=\u00bb{}\u00bb][et_pb_video src=\u00bbhttps:\/\/www.jmtorpar.com\/esp\/wp-content\/uploads\/2022\/03\/Tornillo-G5.mp4&#8243; thumbnail_overlay_color=\u00bb#7CDA24&#8243; module_class=\u00bbdm-autoplay-btn\u00bb _builder_version=\u00bb4.23&#8243; _module_preset=\u00bbdefault\u00bb width=\u00bb100%\u00bb module_alignment=\u00bbcenter\u00bb animation_style=\u00bbslide\u00bb border_radii=\u00bbon|10px|10px|10px|10px\u00bb global_colors_info=\u00bb{}\u00bb box_shadow_horizontal__hover_enabled=\u00bbon|desktop\u00bb][\/et_pb_video][et_pb_text admin_label=\u00bbTitulo proyectos\u00bb _builder_version=\u00bb4.23&#8243; _module_preset=\u00bbdefault\u00bb text_font=\u00bbUbuntu|700|||||||\u00bb text_text_color=\u00bb#388fc5&#8243; text_font_size=\u00bb17px\u00bb text_line_height=\u00bb1em\u00bb background_enable_color=\u00bboff\u00bb min_height=\u00bb59px\u00bb custom_padding=\u00bb20px|0px|3px|0px|false|false\u00bb border_width_bottom=\u00bb1px\u00bb border_color_bottom=\u00bb#666666&#8243; locked=\u00bboff\u00bb global_colors_info=\u00bb{}\u00bb]<\/p>\n<p>Tornillo Hexagonal G5<\/p>\n<p>[\/et_pb_text][et_pb_text _builder_version=\u00bb4.23&#8243; _module_preset=\u00bbdefault\u00bb text_font=\u00bbUbuntu||||||||\u00bb text_text_color=\u00bb#666666&#8243; text_font_size=\u00bb17px\u00bb text_orientation=\u00bbcenter\u00bb custom_margin=\u00bb||40px|||\u00bb custom_padding=\u00bb12px|15px|15px|15px|false|false\u00bb animation_style=\u00bbslide\u00bb animation_direction=\u00bbtop\u00bb animation_delay=\u00bb500ms\u00bb locked=\u00bboff\u00bb global_colors_info=\u00bb{}\u00bb]<\/p>\n<ul>\n<li style=\"text-align: left;\">Sujeci\u00f3n de elementos met\u00e1licos<\/li>\n<li style=\"text-align: left;\">Di\u00e1metros desde 5\/8&#8243; hasta 3&#8243;<\/li>\n<li style=\"text-align: left;\">Pavonado \/ Galvanizado<\/li>\n<li style=\"text-align: left;\">ASME B18.2.1<\/li>\n<\/ul>\n<p style=\"text-align: justify;\">\n<p>[\/et_pb_text][\/et_pb_column][et_pb_column type=\u00bb1_3&#8243; _builder_version=\u00bb4.23&#8243; _module_preset=\u00bbdefault\u00bb global_colors_info=\u00bb{}\u00bb][et_pb_video src=\u00bbhttps:\/\/www.jmtorpar.com\/esp\/wp-content\/uploads\/2022\/03\/Tornillo-G8.mp4&#8243; thumbnail_overlay_color=\u00bb#7CDA24&#8243; module_class=\u00bbdm-autoplay-btn\u00bb _builder_version=\u00bb4.23&#8243; _module_preset=\u00bbdefault\u00bb width=\u00bb100%\u00bb module_alignment=\u00bbcenter\u00bb animation_style=\u00bbslide\u00bb border_radii=\u00bbon|10px|10px|10px|10px\u00bb global_colors_info=\u00bb{}\u00bb box_shadow_horizontal__hover_enabled=\u00bbon|desktop\u00bb][\/et_pb_video][et_pb_text admin_label=\u00bbTitulo proyectos\u00bb _builder_version=\u00bb4.23&#8243; _module_preset=\u00bbdefault\u00bb text_font=\u00bbUbuntu|700|||||||\u00bb text_text_color=\u00bb#388fc5&#8243; text_font_size=\u00bb17px\u00bb text_line_height=\u00bb1em\u00bb background_enable_color=\u00bboff\u00bb min_height=\u00bb59px\u00bb custom_padding=\u00bb20px|0px|3px|0px|false|false\u00bb border_width_bottom=\u00bb1px\u00bb border_color_bottom=\u00bb#666666&#8243; locked=\u00bboff\u00bb global_colors_info=\u00bb{}\u00bb]<\/p>\n<p>Tornillo Hexagonal G8<\/p>\n<p>[\/et_pb_text][et_pb_text _builder_version=\u00bb4.23&#8243; _module_preset=\u00bbdefault\u00bb text_font=\u00bbUbuntu||||||||\u00bb text_text_color=\u00bb#666666&#8243; text_font_size=\u00bb17px\u00bb text_orientation=\u00bbcenter\u00bb custom_margin=\u00bb||40px|||\u00bb custom_padding=\u00bb12px|15px|15px|15px|false|false\u00bb animation_style=\u00bbslide\u00bb animation_direction=\u00bbtop\u00bb animation_delay=\u00bb500ms\u00bb locked=\u00bboff\u00bb global_colors_info=\u00bb{}\u00bb]<\/p>\n<ul>\n<li style=\"text-align: left;\">Sujeci\u00f3n de elementos met\u00e1licos<\/li>\n<li style=\"text-align: left;\">Di\u00e1metros desde 1\/2&#8243; hasta 3&#8243;<\/li>\n<li style=\"text-align: left;\">Pavonado \/ Galvanizado<\/li>\n<li style=\"text-align: left;\">ASME B18.2.1<\/li>\n<\/ul>\n<p style=\"text-align: justify;\">\n<p>[\/et_pb_text][\/et_pb_column][et_pb_column type=\u00bb1_3&#8243; _builder_version=\u00bb4.23&#8243; _module_preset=\u00bbdefault\u00bb global_colors_info=\u00bb{}\u00bb][et_pb_video src=\u00bbhttps:\/\/www.jmtorpar.com\/esp\/wp-content\/uploads\/2022\/03\/Varilla-Roscada.mp4&#8243; thumbnail_overlay_color=\u00bb#7CDA24&#8243; module_class=\u00bbdm-autoplay-btn\u00bb _builder_version=\u00bb4.23&#8243; _module_preset=\u00bbdefault\u00bb width=\u00bb100%\u00bb module_alignment=\u00bbcenter\u00bb animation_style=\u00bbslide\u00bb border_radii=\u00bbon|10px|10px|10px|10px\u00bb global_colors_info=\u00bb{}\u00bb box_shadow_horizontal__hover_enabled=\u00bbon|desktop\u00bb][\/et_pb_video][et_pb_text admin_label=\u00bbTitulo proyectos\u00bb _builder_version=\u00bb4.23&#8243; _module_preset=\u00bbdefault\u00bb text_font=\u00bbUbuntu|700|||||||\u00bb text_text_color=\u00bb#388fc5&#8243; text_font_size=\u00bb17px\u00bb text_line_height=\u00bb1em\u00bb background_enable_color=\u00bboff\u00bb min_height=\u00bb59px\u00bb custom_padding=\u00bb20px|0px|3px|0px|false|false\u00bb border_width_bottom=\u00bb1px\u00bb border_color_bottom=\u00bb#666666&#8243; locked=\u00bboff\u00bb global_colors_info=\u00bb{}\u00bb]<\/p>\n<p>Varilla Roscada<\/p>\n<p>[\/et_pb_text][et_pb_text _builder_version=\u00bb4.23&#8243; _module_preset=\u00bbdefault\u00bb text_font=\u00bbUbuntu||||||||\u00bb text_text_color=\u00bb#666666&#8243; text_font_size=\u00bb17px\u00bb text_orientation=\u00bbcenter\u00bb custom_margin=\u00bb||40px|||\u00bb custom_padding=\u00bb12px|15px|15px|15px|false|false\u00bb animation_style=\u00bbslide\u00bb animation_direction=\u00bbtop\u00bb animation_delay=\u00bb500ms\u00bb locked=\u00bboff\u00bb global_colors_info=\u00bb{}\u00bb]<\/p>\n<ul>\n<li style=\"text-align: left;\">Sujeci\u00f3n de elementos met\u00e1licos<\/li>\n<li style=\"text-align: left;\">Di\u00e1metros desde 1\/4&#8243; hasta 1 1\/2&#8243;<\/li>\n<li style=\"text-align: left;\">Grado 2, Longitud 1 metro<\/li>\n<li style=\"text-align: left;\">Galvanizado Zincado<\/li>\n<li style=\"text-align: left;\">ASME B18.31.3 &#8211; Threaded Rods-Inch Series (Sist. Ingl\u00e9s)<\/li>\n<\/ul>\n<p style=\"text-align: justify;\">\n<p>[\/et_pb_text][\/et_pb_column][\/et_pb_row][\/et_pb_section][et_pb_section fb_built=\u00bb1&#8243; admin_label=\u00bbCertificaciones\u00bb _builder_version=\u00bb4.23&#8243; _module_preset=\u00bbdefault\u00bb background_enable_image=\u00bboff\u00bb min_height=\u00bb207.2px\u00bb custom_margin=\u00bb||||false|false\u00bb custom_padding=\u00bb||||false|false\u00bb hover_enabled=\u00bb0&#8243; locked=\u00bboff\u00bb global_colors_info=\u00bb{}\u00bb module_id=\u00bbAP_TG8&#8243; sticky_enabled=\u00bb0&#8243;][et_pb_row column_structure=\u00bb1_3,1_3,1_3&#8243; use_custom_gutter=\u00bbon\u00bb _builder_version=\u00bb4.23&#8243; _module_preset=\u00bbdefault\u00bb width=\u00bb82%\u00bb width_tablet=\u00bb50%\u00bb width_phone=\u00bb82%\u00bb width_last_edited=\u00bbon|phone\u00bb max_width=\u00bb1920px\u00bb module_alignment=\u00bbcenter\u00bb custom_margin=\u00bb40px|auto||auto||\u00bb custom_padding=\u00bb0px||0px|||\u00bb global_colors_info=\u00bb{}\u00bb][et_pb_column type=\u00bb1_3&#8243; _builder_version=\u00bb4.23&#8243; _module_preset=\u00bbdefault\u00bb global_colors_info=\u00bb{}\u00bb][et_pb_video src=\u00bbhttps:\/\/www.jmtorpar.com\/esp\/wp-content\/uploads\/2022\/03\/Arandela-Presion.mp4&#8243; thumbnail_overlay_color=\u00bb#7CDA24&#8243; module_class=\u00bbdm-autoplay-btn\u00bb _builder_version=\u00bb4.23&#8243; _module_preset=\u00bbdefault\u00bb width=\u00bb100%\u00bb module_alignment=\u00bbcenter\u00bb animation_style=\u00bbslide\u00bb border_radii=\u00bbon|10px|10px|10px|10px\u00bb global_colors_info=\u00bb{}\u00bb box_shadow_horizontal__hover_enabled=\u00bbon|desktop\u00bb][\/et_pb_video][et_pb_text admin_label=\u00bbTitulo proyectos\u00bb _builder_version=\u00bb4.23&#8243; _module_preset=\u00bbdefault\u00bb text_font=\u00bbUbuntu|700|||||||\u00bb text_text_color=\u00bb#388fc5&#8243; text_font_size=\u00bb17px\u00bb text_line_height=\u00bb1em\u00bb background_enable_color=\u00bboff\u00bb min_height=\u00bb59px\u00bb custom_padding=\u00bb20px|0px|3px|0px|false|false\u00bb border_width_bottom=\u00bb1px\u00bb border_color_bottom=\u00bb#666666&#8243; locked=\u00bboff\u00bb global_colors_info=\u00bb{}\u00bb]<\/p>\n<p>Arandela de Presi\u00f3n<\/p>\n<p>[\/et_pb_text][et_pb_text _builder_version=\u00bb4.23&#8243; _module_preset=\u00bbdefault\u00bb text_font=\u00bbUbuntu||||||||\u00bb text_text_color=\u00bb#666666&#8243; text_font_size=\u00bb17px\u00bb text_orientation=\u00bbcenter\u00bb custom_margin=\u00bb||40px|||\u00bb custom_padding=\u00bb12px|15px|15px|15px|false|false\u00bb animation_style=\u00bbslide\u00bb animation_direction=\u00bbtop\u00bb animation_delay=\u00bb500ms\u00bb locked=\u00bboff\u00bb global_colors_info=\u00bb{}\u00bb]<\/p>\n<ul>\n<li style=\"text-align: left;\">Sujeci\u00f3n de elementos met\u00e1licos<\/li>\n<li style=\"text-align: left;\">Di\u00e1metros desde 1\/4&#8243; hasta 1 1\/2&#8243;<\/li>\n<li style=\"text-align: left;\">Pavonado \/ Galvanizado<\/li>\n<\/ul>\n<p style=\"text-align: justify;\">\n<p>[\/et_pb_text][\/et_pb_column][et_pb_column type=\u00bb1_3&#8243; _builder_version=\u00bb4.23&#8243; _module_preset=\u00bbdefault\u00bb global_colors_info=\u00bb{}\u00bb][et_pb_video src=\u00bbhttps:\/\/www.jmtorpar.com\/esp\/wp-content\/uploads\/2022\/03\/Tuerca-G8.mp4&#8243; thumbnail_overlay_color=\u00bb#7CDA24&#8243; module_class=\u00bbdm-autoplay-btn\u00bb _builder_version=\u00bb4.23&#8243; _module_preset=\u00bbdefault\u00bb width=\u00bb100%\u00bb module_alignment=\u00bbcenter\u00bb animation_style=\u00bbslide\u00bb border_radii=\u00bbon|10px|10px|10px|10px\u00bb global_colors_info=\u00bb{}\u00bb box_shadow_horizontal__hover_enabled=\u00bbon|desktop\u00bb][\/et_pb_video][et_pb_text admin_label=\u00bbTitulo proyectos\u00bb _builder_version=\u00bb4.23&#8243; _module_preset=\u00bbdefault\u00bb text_font=\u00bbUbuntu|700|||||||\u00bb text_text_color=\u00bb#388fc5&#8243; text_font_size=\u00bb17px\u00bb text_line_height=\u00bb1em\u00bb background_enable_color=\u00bboff\u00bb min_height=\u00bb59px\u00bb custom_padding=\u00bb20px|0px|3px|0px|false|false\u00bb border_width_bottom=\u00bb1px\u00bb border_color_bottom=\u00bb#666666&#8243; locked=\u00bboff\u00bb global_colors_info=\u00bb{}\u00bb]<\/p>\n<p>Tuerca G8<\/p>\n<p>[\/et_pb_text][et_pb_text _builder_version=\u00bb4.23&#8243; _module_preset=\u00bbdefault\u00bb text_font=\u00bbUbuntu||||||||\u00bb text_text_color=\u00bb#666666&#8243; text_font_size=\u00bb17px\u00bb text_orientation=\u00bbcenter\u00bb custom_margin=\u00bb||40px|||\u00bb custom_padding=\u00bb12px|15px|15px|15px|false|false\u00bb animation_style=\u00bbslide\u00bb animation_direction=\u00bbtop\u00bb animation_delay=\u00bb500ms\u00bb locked=\u00bboff\u00bb global_colors_info=\u00bb{}\u00bb]<\/p>\n<ul>\n<li style=\"text-align: left;\">Sujeci\u00f3n de elementos met\u00e1licos<\/li>\n<li style=\"text-align: left;\">Di\u00e1metros desde 1\/4&#8243; hasta 3&#8243;<\/li>\n<li style=\"text-align: left;\">Pavonado<\/li>\n<li style=\"text-align: left;\">ASME B18.2.2 &#8211; Nuts for General Applications<\/li>\n<\/ul>\n<p style=\"text-align: justify;\">\n<p>[\/et_pb_text][\/et_pb_column][et_pb_column type=\u00bb1_3&#8243; _builder_version=\u00bb4.23&#8243; _module_preset=\u00bbdefault\u00bb global_colors_info=\u00bb{}\u00bb][\/et_pb_column][\/et_pb_row][\/et_pb_section]<\/p>\n","protected":false},"excerpt":{"rendered":"<p>CERTIFICACIONESPRODUCTOSTornillo Hexagonal G5 Sujeci\u00f3n de elementos met\u00e1licos Di\u00e1metros desde 5\/8&#8243; hasta 3&#8243; Pavonado \/ Galvanizado ASME B18.2.1 Tornillo Hexagonal G8 Sujeci\u00f3n de elementos met\u00e1licos Di\u00e1metros desde 1\/2&#8243; hasta 3&#8243; Pavonado \/ Galvanizado ASME B18.2.1 Varilla Roscada Sujeci\u00f3n de elementos met\u00e1licos Di\u00e1metros desde 1\/4&#8243; hasta 1 1\/2&#8243; Grado 2, Longitud 1 metro Galvanizado Zincado ASME B18.31.3 [&hellip;]<\/p>\n","protected":false},"author":1,"featured_media":0,"parent":0,"menu_order":0,"comment_status":"closed","ping_status":"closed","template":"","meta":{"_et_pb_use_builder":"on","_et_pb_old_content":"","_et_gb_content_width":"","footnotes":"","_joinchat":[]},"yoast_head":"<!-- This site is optimized with the Yoast SEO plugin v22.0 - https:\/\/yoast.com\/wordpress\/plugins\/seo\/ -->\n<title>general - Tornillos Grado 5, Grado 8, Torniller\u00eda Especial, A325, A490, 10.9, ALLEN, Maquinaria Pesada y Miner\u00eda<\/title>\n<meta name=\"robots\" content=\"index, follow, max-snippet:-1, max-image-preview:large, max-video-preview:-1\" \/>\n<link rel=\"canonical\" href=\"https:\/\/www.jmtorpar.com\/esp\/general\/\" \/>\n<meta property=\"og:locale\" content=\"es_ES\" \/>\n<meta property=\"og:type\" content=\"article\" \/>\n<meta property=\"og:title\" content=\"general - Tornillos Grado 5, Grado 8, Torniller\u00eda Especial, A325, A490, 10.9, ALLEN, Maquinaria Pesada y Miner\u00eda\" \/>\n<meta property=\"og:description\" content=\"CERTIFICACIONESPRODUCTOSTornillo Hexagonal G5 Sujeci\u00f3n de elementos met\u00e1licos Di\u00e1metros desde 5\/8&quot; hasta 3&quot; Pavonado \/ Galvanizado ASME B18.2.1 Tornillo Hexagonal G8 Sujeci\u00f3n de elementos met\u00e1licos Di\u00e1metros desde 1\/2&quot; hasta 3&quot; Pavonado \/ Galvanizado ASME B18.2.1 Varilla Roscada Sujeci\u00f3n de elementos met\u00e1licos Di\u00e1metros desde 1\/4&quot; hasta 1 1\/2&quot; Grado 2, Longitud 1 metro Galvanizado Zincado ASME B18.31.3 [&hellip;]\" \/>\n<meta property=\"og:url\" content=\"https:\/\/www.jmtorpar.com\/esp\/general\/\" \/>\n<meta property=\"og:site_name\" content=\"Tornillos Grado 5, Grado 8, Torniller\u00eda Especial, A325, A490, 10.9, ALLEN, Maquinaria Pesada y Miner\u00eda\" \/>\n<meta property=\"article:modified_time\" content=\"2025-06-05T16:43:44+00:00\" \/>\n<meta name=\"twitter:card\" content=\"summary_large_image\" \/>\n<script type=\"application\/ld+json\" class=\"yoast-schema-graph\">{\"@context\":\"https:\/\/schema.org\",\"@graph\":[{\"@type\":\"WebPage\",\"@id\":\"https:\/\/www.jmtorpar.com\/esp\/general\/\",\"url\":\"https:\/\/www.jmtorpar.com\/esp\/general\/\",\"name\":\"general - Tornillos Grado 5, Grado 8, Torniller\u00eda Especial, A325, A490, 10.9, ALLEN, Maquinaria Pesada y Miner\u00eda\",\"isPartOf\":{\"@id\":\"https:\/\/www.jmtorpar.com\/esp\/#website\"},\"datePublished\":\"2022-03-03T22:28:34+00:00\",\"dateModified\":\"2025-06-05T16:43:44+00:00\",\"breadcrumb\":{\"@id\":\"https:\/\/www.jmtorpar.com\/esp\/general\/#breadcrumb\"},\"inLanguage\":\"es\",\"potentialAction\":[{\"@type\":\"ReadAction\",\"target\":[\"https:\/\/www.jmtorpar.com\/esp\/general\/\"]}]},{\"@type\":\"BreadcrumbList\",\"@id\":\"https:\/\/www.jmtorpar.com\/esp\/general\/#breadcrumb\",\"itemListElement\":[{\"@type\":\"ListItem\",\"position\":1,\"name\":\"Portada\",\"item\":\"https:\/\/www.jmtorpar.com\/esp\/\"},{\"@type\":\"ListItem\",\"position\":2,\"name\":\"general\"}]},{\"@type\":\"WebSite\",\"@id\":\"https:\/\/www.jmtorpar.com\/esp\/#website\",\"url\":\"https:\/\/www.jmtorpar.com\/esp\/\",\"name\":\"Tornillos Grado 5, Grado 8, Torniller\u00eda Especial, A325, A490, 10.9, ALLEN, Maquinaria Pesada y Miner\u00eda\",\"description\":\"El tornillo de mejor calidad de m\u00e9xico, Tornillos Grado 5, Grado 8, Especiales, Maquinaria Pesada y Miner\u00eda\",\"potentialAction\":[{\"@type\":\"SearchAction\",\"target\":{\"@type\":\"EntryPoint\",\"urlTemplate\":\"https:\/\/www.jmtorpar.com\/esp\/?s={search_term_string}\"},\"query-input\":\"required name=search_term_string\"}],\"inLanguage\":\"es\"}]}<\/script>\n<!-- \/ Yoast SEO plugin. -->","yoast_head_json":{"title":"general - Tornillos Grado 5, Grado 8, Torniller\u00eda Especial, A325, A490, 10.9, ALLEN, Maquinaria Pesada y Miner\u00eda","robots":{"index":"index","follow":"follow","max-snippet":"max-snippet:-1","max-image-preview":"max-image-preview:large","max-video-preview":"max-video-preview:-1"},"canonical":"https:\/\/www.jmtorpar.com\/esp\/general\/","og_locale":"es_ES","og_type":"article","og_title":"general - Tornillos Grado 5, Grado 8, Torniller\u00eda Especial, A325, A490, 10.9, ALLEN, Maquinaria Pesada y Miner\u00eda","og_description":"CERTIFICACIONESPRODUCTOSTornillo Hexagonal G5 Sujeci\u00f3n de elementos met\u00e1licos Di\u00e1metros desde 5\/8\" hasta 3\" Pavonado \/ Galvanizado ASME B18.2.1 Tornillo Hexagonal G8 Sujeci\u00f3n de elementos met\u00e1licos Di\u00e1metros desde 1\/2\" hasta 3\" Pavonado \/ Galvanizado ASME B18.2.1 Varilla Roscada Sujeci\u00f3n de elementos met\u00e1licos Di\u00e1metros desde 1\/4\" hasta 1 1\/2\" Grado 2, Longitud 1 metro Galvanizado Zincado ASME B18.31.3 [&hellip;]","og_url":"https:\/\/www.jmtorpar.com\/esp\/general\/","og_site_name":"Tornillos Grado 5, Grado 8, Torniller\u00eda Especial, A325, A490, 10.9, ALLEN, Maquinaria Pesada y Miner\u00eda","article_modified_time":"2025-06-05T16:43:44+00:00","twitter_card":"summary_large_image","schema":{"@context":"https:\/\/schema.org","@graph":[{"@type":"WebPage","@id":"https:\/\/www.jmtorpar.com\/esp\/general\/","url":"https:\/\/www.jmtorpar.com\/esp\/general\/","name":"general - Tornillos Grado 5, Grado 8, Torniller\u00eda Especial, A325, A490, 10.9, ALLEN, Maquinaria Pesada y Miner\u00eda","isPartOf":{"@id":"https:\/\/www.jmtorpar.com\/esp\/#website"},"datePublished":"2022-03-03T22:28:34+00:00","dateModified":"2025-06-05T16:43:44+00:00","breadcrumb":{"@id":"https:\/\/www.jmtorpar.com\/esp\/general\/#breadcrumb"},"inLanguage":"es","potentialAction":[{"@type":"ReadAction","target":["https:\/\/www.jmtorpar.com\/esp\/general\/"]}]},{"@type":"BreadcrumbList","@id":"https:\/\/www.jmtorpar.com\/esp\/general\/#breadcrumb","itemListElement":[{"@type":"ListItem","position":1,"name":"Portada","item":"https:\/\/www.jmtorpar.com\/esp\/"},{"@type":"ListItem","position":2,"name":"general"}]},{"@type":"WebSite","@id":"https:\/\/www.jmtorpar.com\/esp\/#website","url":"https:\/\/www.jmtorpar.com\/esp\/","name":"Tornillos Grado 5, Grado 8, Torniller\u00eda Especial, A325, A490, 10.9, ALLEN, Maquinaria Pesada y Miner\u00eda","description":"El tornillo de mejor calidad de m\u00e9xico, Tornillos Grado 5, Grado 8, Especiales, Maquinaria Pesada y Miner\u00eda","potentialAction":[{"@type":"SearchAction","target":{"@type":"EntryPoint","urlTemplate":"https:\/\/www.jmtorpar.com\/esp\/?s={search_term_string}"},"query-input":"required name=search_term_string"}],"inLanguage":"es"}]}},"_links":{"self":[{"href":"https:\/\/www.jmtorpar.com\/esp\/wp-json\/wp\/v2\/pages\/6338"}],"collection":[{"href":"https:\/\/www.jmtorpar.com\/esp\/wp-json\/wp\/v2\/pages"}],"about":[{"href":"https:\/\/www.jmtorpar.com\/esp\/wp-json\/wp\/v2\/types\/page"}],"author":[{"embeddable":true,"href":"https:\/\/www.jmtorpar.com\/esp\/wp-json\/wp\/v2\/users\/1"}],"replies":[{"embeddable":true,"href":"https:\/\/www.jmtorpar.com\/esp\/wp-json\/wp\/v2\/comments?post=6338"}],"version-history":[{"count":20,"href":"https:\/\/www.jmtorpar.com\/esp\/wp-json\/wp\/v2\/pages\/6338\/revisions"}],"predecessor-version":[{"id":7388,"href":"https:\/\/www.jmtorpar.com\/esp\/wp-json\/wp\/v2\/pages\/6338\/revisions\/7388"}],"wp:attachment":[{"href":"https:\/\/www.jmtorpar.com\/esp\/wp-json\/wp\/v2\/media?parent=6338"}],"curies":[{"name":"wp","href":"https:\/\/api.w.org\/{rel}","templated":true}]}}